{"id":22611,"date":"2024-11-18T11:28:11","date_gmt":"2024-11-18T10:28:11","guid":{"rendered":"https:\/\/relaunch.euroakademie.de\/magazin\/?page_id=22611"},"modified":"2024-11-18T16:23:50","modified_gmt":"2024-11-18T15:23:50","slug":"euro-akademie-tauberbischofsheim","status":"publish","type":"page","link":"https:\/\/www.euroakademie.de\/magazin\/standorte\/euro-akademie-baden-wuerttemberg\/euro-akademie-tauberbischofsheim\/","title":{"rendered":"Euro Akademie Tauberbischofsheim"},"content":{"rendered":"\t\t<div data-elementor-type=\"wp-page\" data-elementor-id=\"22611\" class=\"elementor elementor-22611\">\n\t\t\t\t\t\t<section class=\"has-el-gap el-gap-default elementor-section elementor-top-section elementor-element elementor-element-d20f353 elementor-section-boxed elementor-section-height-default elementor-section-height-default\" data-id=\"d20f353\" data-element_type=\"section\">\n\t\t\t\t\t\t<div class=\"elementor-container elementor-column-gap-no\">\n\t\t\t\t\t<div class=\"elementor-column elementor-col-100 elementor-top-column elementor-element elementor-element-fd1a5eb\" data-id=\"fd1a5eb\" data-element_type=\"column\">\n\t\t\t<div class=\"elementor-widget-wrap elementor-element-populated\">\n\t\t\t\t\t\t<div class=\"elementor-element elementor-element-a46d794 elementor-widget elementor-widget-text-editor\" data-id=\"a46d794\" data-element_type=\"widget\" data-widget_type=\"text-editor.default\">\n\t\t\t\t<div class=\"elementor-widget-container\">\n\t\t\t<style>\/*! elementor - v3.22.0 - 26-06-2024 *\/\n.elementor-widget-text-editor.elementor-drop-cap-view-stacked .elementor-drop-cap{background-color:#69727d;color:#fff}.elementor-widget-text-editor.elementor-drop-cap-view-framed .elementor-drop-cap{color:#69727d;border:3px solid;background-color:transparent}.elementor-widget-text-editor:not(.elementor-drop-cap-view-default) .elementor-drop-cap{margin-top:8px}.elementor-widget-text-editor:not(.elementor-drop-cap-view-default) .elementor-drop-cap-letter{width:1em;height:1em}.elementor-widget-text-editor .elementor-drop-cap{float:left;text-align:center;line-height:1;font-size:50px}.elementor-widget-text-editor .elementor-drop-cap-letter{display:inline-block}<\/style>\t\t\t\t<p>Du suchst die letzten News, Infos zum Team und die Bildungsangebote vom Standort Tauberbischofsheim? Hier lang:<\/p>\t\t\t\t\t\t<\/div>\n\t\t\t\t<\/div>\n\t\t\t\t<div class=\"elementor-element elementor-element-388f7a6 elementor-widget elementor-widget-button\" data-id=\"388f7a6\" data-element_type=\"widget\" data-widget_type=\"button.default\">\n\t\t\t\t<div class=\"elementor-widget-container\">\n\t\t\t\t\t<div class=\"elementor-button-wrapper\">\n\t\t\t<a class=\"elementor-button elementor-button-link elementor-size-sm\" href=\"https:\/\/www.euroakademie.de\/tauberbischofsheim\">\n\t\t\t\t\t\t<span class=\"elementor-button-content-wrapper\">\n\t\t\t\t\t\t\t\t\t<span class=\"elementor-button-text\">Euro Akademie Tauberbischofsheim<\/span>\n\t\t\t\t\t<\/span>\n\t\t\t\t\t<\/a>\n\t\t<\/div>\n\t\t\t\t<\/div>\n\t\t\t\t<\/div>\n\t\t\t\t<div class=\"elementor-element elementor-element-31b188f elementor-widget elementor-widget-smartmag-grid\" data-id=\"31b188f\" data-element_type=\"widget\" data-widget_type=\"smartmag-grid.default\">\n\t\t\t\t<div class=\"elementor-widget-container\">\n\t\t\t\t\t<section class=\"block-wrap block-grid block-sc\" data-id=\"1\">\n\n\t\t\t\t\n\t\t\t<div class=\"block-content\">\n\t\t\t\t\t\n\t<div class=\"loop loop-grid loop-grid-base grid grid-2 md:grid-2 xs:grid-1\">\n\n\t\t\t\t\t\n<article class=\"l-post grid-post grid-base-post\">\n\n\t\n\t\t\t<div class=\"media\">\n\n\t\t\n\t\t\t<a href=\"https:\/\/www.euroakademie.de\/magazin\/diesmal-kein-kinderbuchklassiker-in-der-kritik-der-tag-an-dem-die-oma-das-internet-kaputt-gemacht-hat\/\" class=\"image-link media-ratio ratio-16-9\" title=\"Der Tag, an dem die Oma das Internet kaputt gemacht hat\"><img fetchpriority=\"high\" decoding=\"async\" width=\"608\" height=\"342\" src=\"https:\/\/www.euroakademie.de\/magazin\/wp-content\/uploads\/2025\/06\/ea_tbb_rezensionen_2215287199_1000x667-768x512.jpg\" class=\"attachment-bunyad-768 size-bunyad-768 wp-post-image\" alt=\"Ein kleiner Junge mit dunklen, kurzen Haaren und einem geringelten Langarmshirt steht vor einer rosafarbenen Wand. Er h\u00e4lt in der linken Hand ein Buch, mit der rechten Hand greift er seine Nickelbrille am Gestell.\" sizes=\"(max-width: 608px) 100vw, 608px\" title=\"Der Tag, an dem die Oma das Internet kaputt gemacht hat\" srcset=\"https:\/\/www.euroakademie.de\/magazin\/wp-content\/uploads\/2025\/06\/ea_tbb_rezensionen_2215287199_1000x667-768x512.jpg 768w, https:\/\/www.euroakademie.de\/magazin\/wp-content\/uploads\/2025\/06\/ea_tbb_rezensionen_2215287199_1000x667-703x469.jpg 703w, https:\/\/www.euroakademie.de\/magazin\/wp-content\/uploads\/2025\/06\/ea_tbb_rezensionen_2215287199_1000x667.jpg 1000w\" \/><\/a>\t\t\t\n\t\t\t\n\t\t\t\n\t\t\t\t\t\t\t\n\t\t\t\t<span class=\"cat-labels cat-labels-overlay c-overlay p-bot-left\">\n\t\t\t\t<a href=\"https:\/\/www.euroakademie.de\/magazin\/category\/fachbereiche\/paedagogik-soziales\/\" class=\"category term-color-19\" rel=\"category\">P\u00e4dagogik &amp; Soziales<\/a>\n\t\t\t<\/span>\n\t\t\t\t\t\t\n\t\t\t\n\t\t\n\t\t<\/div>\n\t\n\n\t\n\t\t<div class=\"content\">\n\n\t\t\t<div class=\"post-meta post-meta-a has-below\"><h2 class=\"is-title post-title\"><a href=\"https:\/\/www.euroakademie.de\/magazin\/diesmal-kein-kinderbuchklassiker-in-der-kritik-der-tag-an-dem-die-oma-das-internet-kaputt-gemacht-hat\/\">Der Tag, an dem die Oma das Internet kaputt gemacht hat<\/a><\/h2><div class=\"post-meta-items meta-below\"><span class=\"meta-item post-author\"><span class=\"by\">By<\/span> <a href=\"https:\/\/www.euroakademie.de\/magazin\/author\/nadine-elbert\/\" title=\"Beitr\u00e4ge von Nadine Elbert\" rel=\"author\">Nadine Elbert<\/a><\/span><span class=\"meta-item date\"><span class=\"date-link\"><time class=\"post-date\" datetime=\"2025-06-26T08:00:00+02:00\">26. Juni 2025<\/time><\/span><\/span><\/div><\/div>\t\t\t\n\t\t\t\n\t\t\t\n\t\t<\/div>\n\n\t\n<\/article>\t\t\t\t\t\n<article class=\"l-post grid-post grid-base-post\">\n\n\t\n\t\t\t<div class=\"media\">\n\n\t\t\n\t\t\t<a href=\"https:\/\/www.euroakademie.de\/magazin\/kinderbuchklassiker-in-der-kritik-ronja-raeubertochter\/\" class=\"image-link media-ratio ratio-16-9\" title=\"Kinderbuchklassiker in der Kritik: Ronja R\u00e4ubertochter\"><img decoding=\"async\" width=\"608\" height=\"342\" src=\"https:\/\/www.euroakademie.de\/magazin\/wp-content\/uploads\/2025\/06\/ea_tbb_rezensionen__2249405763_10000x667-768x512.jpg\" class=\"attachment-bunyad-768 size-bunyad-768 wp-post-image\" alt=\"Ein kleines M\u00e4dchen in einem bunt gestreiften Kleid h\u00e4lt ein lila Buch in der Hand, das farblich mit dem Hintergrund harmoniert. Sie hat Augen und Mund weit aufgerissen, sodass man ihre Zahnl\u00fccken gut erkennt. In ihre glatten, braunen Haare ist eine bunte Str\u00e4hne eingeflochten.\" sizes=\"(max-width: 608px) 100vw, 608px\" title=\"Kinderbuchklassiker in der Kritik: Ronja R\u00e4ubertochter\" srcset=\"https:\/\/www.euroakademie.de\/magazin\/wp-content\/uploads\/2025\/06\/ea_tbb_rezensionen__2249405763_10000x667-768x512.jpg 768w, https:\/\/www.euroakademie.de\/magazin\/wp-content\/uploads\/2025\/06\/ea_tbb_rezensionen__2249405763_10000x667-703x469.jpg 703w, https:\/\/www.euroakademie.de\/magazin\/wp-content\/uploads\/2025\/06\/ea_tbb_rezensionen__2249405763_10000x667.jpg 1000w\" \/><\/a>\t\t\t\n\t\t\t\n\t\t\t\n\t\t\t\t\t\t\t\n\t\t\t\t<span class=\"cat-labels cat-labels-overlay c-overlay p-bot-left\">\n\t\t\t\t<a href=\"https:\/\/www.euroakademie.de\/magazin\/category\/fachbereiche\/paedagogik-soziales\/\" class=\"category term-color-19\" rel=\"category\">P\u00e4dagogik &amp; Soziales<\/a>\n\t\t\t<\/span>\n\t\t\t\t\t\t\n\t\t\t\n\t\t\n\t\t<\/div>\n\t\n\n\t\n\t\t<div class=\"content\">\n\n\t\t\t<div class=\"post-meta post-meta-a has-below\"><h2 class=\"is-title post-title\"><a href=\"https:\/\/www.euroakademie.de\/magazin\/kinderbuchklassiker-in-der-kritik-ronja-raeubertochter\/\">Kinderbuchklassiker in der Kritik: Ronja R\u00e4ubertochter<\/a><\/h2><div class=\"post-meta-items meta-below\"><span class=\"meta-item post-author\"><span class=\"by\">By<\/span> <a href=\"https:\/\/www.euroakademie.de\/magazin\/author\/nadine-elbert\/\" title=\"Beitr\u00e4ge von Nadine Elbert\" rel=\"author\">Nadine Elbert<\/a><\/span><span class=\"meta-item date\"><span class=\"date-link\"><time class=\"post-date\" datetime=\"2025-06-19T08:00:00+02:00\">19. Juni 2025<\/time><\/span><\/span><\/div><\/div>\t\t\t\n\t\t\t\n\t\t\t\n\t\t<\/div>\n\n\t\n<\/article>\t\t\t\t\t\n<article class=\"l-post grid-post grid-base-post\">\n\n\t\n\t\t\t<div class=\"media\">\n\n\t\t\n\t\t\t<a href=\"https:\/\/www.euroakademie.de\/magazin\/kinderbuchklassiker-in-der-kritik-momo\/\" class=\"image-link media-ratio ratio-16-9\" title=\"Kinderbuchklassiker in der Kritik: Momo\"><img decoding=\"async\" width=\"608\" height=\"342\" src=\"https:\/\/www.euroakademie.de\/magazin\/wp-content\/uploads\/2025\/06\/ea_tbb_rezensionen_2196396977_1000x667-768x521.jpg\" class=\"attachment-bunyad-768 size-bunyad-768 wp-post-image\" alt=\"Ein kleiner Junge mit wilden, dunklen Locken steht vor einer knallgelben Wand In der linken Hand h\u00e4lt er ein dickes, rotes Buch, mit der rechten Hand reckt er den Zeigefinger mit gespielter Strenge nach oben. Er tr\u00e4gt eine dicke, schwarze Brille und hat den Mund weit ge\u00f6ffnet. Sein Hemd mit Weste tr\u00e4gt zu dem Bild des strengen Lehrers bei.\" sizes=\"(max-width: 608px) 100vw, 608px\" title=\"Kinderbuchklassiker in der Kritik: Momo\" srcset=\"https:\/\/www.euroakademie.de\/magazin\/wp-content\/uploads\/2025\/06\/ea_tbb_rezensionen_2196396977_1000x667-768x521.jpg 768w, https:\/\/www.euroakademie.de\/magazin\/wp-content\/uploads\/2025\/06\/ea_tbb_rezensionen_2196396977_1000x667-692x469.jpg 692w, https:\/\/www.euroakademie.de\/magazin\/wp-content\/uploads\/2025\/06\/ea_tbb_rezensionen_2196396977_1000x667.jpg 1000w\" \/><\/a>\t\t\t\n\t\t\t\n\t\t\t\n\t\t\t\t\t\t\t\n\t\t\t\t<span class=\"cat-labels cat-labels-overlay c-overlay p-bot-left\">\n\t\t\t\t<a href=\"https:\/\/www.euroakademie.de\/magazin\/category\/fachbereiche\/paedagogik-soziales\/\" class=\"category term-color-19\" rel=\"category\">P\u00e4dagogik &amp; Soziales<\/a>\n\t\t\t<\/span>\n\t\t\t\t\t\t\n\t\t\t\n\t\t\n\t\t<\/div>\n\t\n\n\t\n\t\t<div class=\"content\">\n\n\t\t\t<div class=\"post-meta post-meta-a has-below\"><h2 class=\"is-title post-title\"><a href=\"https:\/\/www.euroakademie.de\/magazin\/kinderbuchklassiker-in-der-kritik-momo\/\">Kinderbuchklassiker in der Kritik: Momo<\/a><\/h2><div class=\"post-meta-items meta-below\"><span class=\"meta-item post-author\"><span class=\"by\">By<\/span> <a href=\"https:\/\/www.euroakademie.de\/magazin\/author\/nadine-elbert\/\" title=\"Beitr\u00e4ge von Nadine Elbert\" rel=\"author\">Nadine Elbert<\/a><\/span><span class=\"meta-item date\"><span class=\"date-link\"><time class=\"post-date\" datetime=\"2025-06-12T08:00:00+02:00\">12. Juni 2025<\/time><\/span><\/span><\/div><\/div>\t\t\t\n\t\t\t\n\t\t\t\n\t\t<\/div>\n\n\t\n<\/article>\t\t\t\t\t\n<article class=\"l-post grid-post grid-base-post\">\n\n\t\n\t\t\t<div class=\"media\">\n\n\t\t\n\t\t\t<a href=\"https:\/\/www.euroakademie.de\/magazin\/kinderbuchklassiker-in-der-kritik-das-kleine-gespenst\/\" class=\"image-link media-ratio ratio-16-9\" title=\"Kinderbuchklassiker in der Kritik: Das kleine Gespenst\"><img loading=\"lazy\" decoding=\"async\" width=\"608\" height=\"342\" src=\"https:\/\/www.euroakademie.de\/magazin\/wp-content\/uploads\/2025\/06\/ea_tbb_rezensionen_2319691715_1000x667-768x512.jpg\" class=\"attachment-bunyad-768 size-bunyad-768 wp-post-image\" alt=\"Ein kleines M\u00e4dchen in einem bunten Sommerkleid steht vor einem hellblauen Hintergrund. Es tr\u00e4gt eine zu gro\u00dfe Brille und hat zwei Z\u00f6pfe. Das M\u00e4dchen h\u00e4lt ein Buch in der Hand und erhebt ihren rechten Zeigefinger, w\u00e4hrend sie den Mund zu einem &quot;O&quot; formt.\" sizes=\"(max-width: 608px) 100vw, 608px\" title=\"Kinderbuchklassiker in der Kritik: Das kleine Gespenst\" srcset=\"https:\/\/www.euroakademie.de\/magazin\/wp-content\/uploads\/2025\/06\/ea_tbb_rezensionen_2319691715_1000x667-768x512.jpg 768w, https:\/\/www.euroakademie.de\/magazin\/wp-content\/uploads\/2025\/06\/ea_tbb_rezensionen_2319691715_1000x667-703x469.jpg 703w, https:\/\/www.euroakademie.de\/magazin\/wp-content\/uploads\/2025\/06\/ea_tbb_rezensionen_2319691715_1000x667.jpg 1000w\" \/><\/a>\t\t\t\n\t\t\t\n\t\t\t\n\t\t\t\t\t\t\t\n\t\t\t\t<span class=\"cat-labels cat-labels-overlay c-overlay p-bot-left\">\n\t\t\t\t<a href=\"https:\/\/www.euroakademie.de\/magazin\/category\/fachbereiche\/paedagogik-soziales\/\" class=\"category term-color-19\" rel=\"category\">P\u00e4dagogik &amp; Soziales<\/a>\n\t\t\t<\/span>\n\t\t\t\t\t\t\n\t\t\t\n\t\t\n\t\t<\/div>\n\t\n\n\t\n\t\t<div class=\"content\">\n\n\t\t\t<div class=\"post-meta post-meta-a has-below\"><h2 class=\"is-title post-title\"><a href=\"https:\/\/www.euroakademie.de\/magazin\/kinderbuchklassiker-in-der-kritik-das-kleine-gespenst\/\">Kinderbuchklassiker in der Kritik: Das kleine Gespenst<\/a><\/h2><div class=\"post-meta-items meta-below\"><span class=\"meta-item post-author\"><span class=\"by\">By<\/span> <a href=\"https:\/\/www.euroakademie.de\/magazin\/author\/nadine-elbert\/\" title=\"Beitr\u00e4ge von Nadine Elbert\" rel=\"author\">Nadine Elbert<\/a><\/span><span class=\"meta-item date\"><span class=\"date-link\"><time class=\"post-date\" datetime=\"2025-06-05T16:11:37+02:00\">5. Juni 2025<\/time><\/span><\/span><\/div><\/div>\t\t\t\n\t\t\t\n\t\t\t\n\t\t<\/div>\n\n\t\n<\/article>\t\t\n\t<\/div>\n\n\t\t\n\t\t\t<\/div>\n\n\t\t<\/section>\n\t\t\t\t<\/div>\n\t\t\t\t<\/div>\n\t\t\t\t\t<\/div>\n\t\t<\/div>\n\t\t\t\t\t<\/div>\n\t\t<\/section>\n\t\t\t\t<\/div>\n\t\t","protected":false},"excerpt":{"rendered":"<p>Du suchst die letzten News, Infos zum Team und die Bildungsangebote vom Standort Tauberbischofsheim? Hier lang: Euro Akademie Tauberbischofsheim P\u00e4dagogik &amp; Soziales Euro Akademie Tauberbischofsheim: Reflexionen einer angehenden Erzieherin im letzten Ausbildungsjahr By Gastautor26. Januar 2024 Fremdsprachen &amp; Internationales Mein Anerkennungsjahr in Paris By Gastautor31. August 2020<\/p>\n","protected":false},"author":79,"featured_media":0,"parent":22560,"menu_order":0,"comment_status":"closed","ping_status":"closed","template":"page-templates\/blocks.php","meta":{"footnotes":""},"class_list":["post-22611","page","type-page","status-publish"],"yoast_head":"<!-- This site is optimized with the Yoast SEO plugin v23.5 - https:\/\/yoast.com\/wordpress\/plugins\/seo\/ -->\n<title>Euro Akademie Tauberbischofsheim - Das Euro Akademie Magazin<\/title>\n<meta name=\"description\" content=\"Die Euro Akademie Tauberbischofsheim hat sich auf die Ausbildung von P\u00e4dagoginnen und P\u00e4dagogen spezialisiert, die wir morgen brauchen.\" \/>\n<meta name=\"robots\" content=\"index, follow, max-snippet:-1, max-image-preview:large, max-video-preview:-1\" \/>\n<link rel=\"canonical\" href=\"https:\/\/www.euroakademie.de\/magazin\/standorte\/euro-akademie-baden-wuerttemberg\/euro-akademie-tauberbischofsheim\/\" \/>\n<meta property=\"og:locale\" content=\"de_DE\" \/>\n<meta property=\"og:type\" content=\"article\" \/>\n<meta property=\"og:title\" content=\"Euro Akademie Tauberbischofsheim - Das Euro Akademie Magazin\" \/>\n<meta property=\"og:description\" content=\"Die Euro Akademie Tauberbischofsheim hat sich auf die Ausbildung von P\u00e4dagoginnen und P\u00e4dagogen spezialisiert, die wir morgen brauchen.\" \/>\n<meta property=\"og:url\" content=\"https:\/\/www.euroakademie.de\/magazin\/standorte\/euro-akademie-baden-wuerttemberg\/euro-akademie-tauberbischofsheim\/\" \/>\n<meta property=\"og:site_name\" content=\"Das Euro Akademie Magazin\" \/>\n<meta property=\"article:modified_time\" content=\"2024-11-18T15:23:50+00:00\" \/>\n<meta property=\"og:image\" content=\"https:\/\/relaunch.euroakademie.de\/magazin\/wp-content\/uploads\/2024\/01\/shutterstock_2116335551-1-768x462.jpg\" \/>\n<meta name=\"twitter:card\" content=\"summary_large_image\" \/>\n<meta name=\"twitter:label1\" content=\"Gesch\u00e4tzte Lesezeit\" \/>\n\t<meta name=\"twitter:data1\" content=\"1\u00a0Minute\" \/>\n<script type=\"application\/ld+json\" class=\"yoast-schema-graph\">{\"@context\":\"https:\/\/schema.org\",\"@graph\":[{\"@type\":\"WebPage\",\"@id\":\"https:\/\/www.euroakademie.de\/magazin\/standorte\/euro-akademie-baden-wuerttemberg\/euro-akademie-tauberbischofsheim\/\",\"url\":\"https:\/\/www.euroakademie.de\/magazin\/standorte\/euro-akademie-baden-wuerttemberg\/euro-akademie-tauberbischofsheim\/\",\"name\":\"Euro Akademie Tauberbischofsheim - Das Euro Akademie Magazin\",\"isPartOf\":{\"@id\":\"https:\/\/www.euroakademie.de\/magazin\/#website\"},\"primaryImageOfPage\":{\"@id\":\"https:\/\/www.euroakademie.de\/magazin\/standorte\/euro-akademie-baden-wuerttemberg\/euro-akademie-tauberbischofsheim\/#primaryimage\"},\"image\":{\"@id\":\"https:\/\/www.euroakademie.de\/magazin\/standorte\/euro-akademie-baden-wuerttemberg\/euro-akademie-tauberbischofsheim\/#primaryimage\"},\"thumbnailUrl\":\"https:\/\/relaunch.euroakademie.de\/magazin\/wp-content\/uploads\/2024\/01\/shutterstock_2116335551-1-768x462.jpg\",\"datePublished\":\"2024-11-18T10:28:11+00:00\",\"dateModified\":\"2024-11-18T15:23:50+00:00\",\"description\":\"Die Euro Akademie Tauberbischofsheim hat sich auf die Ausbildung von P\u00e4dagoginnen und P\u00e4dagogen spezialisiert, die wir morgen brauchen.\",\"breadcrumb\":{\"@id\":\"https:\/\/www.euroakademie.de\/magazin\/standorte\/euro-akademie-baden-wuerttemberg\/euro-akademie-tauberbischofsheim\/#breadcrumb\"},\"inLanguage\":\"de\",\"potentialAction\":[{\"@type\":\"ReadAction\",\"target\":[\"https:\/\/www.euroakademie.de\/magazin\/standorte\/euro-akademie-baden-wuerttemberg\/euro-akademie-tauberbischofsheim\/\"]}]},{\"@type\":\"ImageObject\",\"inLanguage\":\"de\",\"@id\":\"https:\/\/www.euroakademie.de\/magazin\/standorte\/euro-akademie-baden-wuerttemberg\/euro-akademie-tauberbischofsheim\/#primaryimage\",\"url\":\"https:\/\/relaunch.euroakademie.de\/magazin\/wp-content\/uploads\/2024\/01\/shutterstock_2116335551-1-768x462.jpg\",\"contentUrl\":\"https:\/\/relaunch.euroakademie.de\/magazin\/wp-content\/uploads\/2024\/01\/shutterstock_2116335551-1-768x462.jpg\"},{\"@type\":\"BreadcrumbList\",\"@id\":\"https:\/\/www.euroakademie.de\/magazin\/standorte\/euro-akademie-baden-wuerttemberg\/euro-akademie-tauberbischofsheim\/#breadcrumb\",\"itemListElement\":[{\"@type\":\"ListItem\",\"position\":1,\"name\":\"Startseite\",\"item\":\"https:\/\/www.euroakademie.de\/magazin\/\"},{\"@type\":\"ListItem\",\"position\":2,\"name\":\"Standortnews\",\"item\":\"https:\/\/www.euroakademie.de\/magazin\/standorte\/\"},{\"@type\":\"ListItem\",\"position\":3,\"name\":\"News aus Baden-W\u00fcrttemberg\",\"item\":\"https:\/\/www.euroakademie.de\/magazin\/standorte\/euro-akademie-baden-wuerttemberg\/\"},{\"@type\":\"ListItem\",\"position\":4,\"name\":\"Euro Akademie Tauberbischofsheim\"}]},{\"@type\":\"WebSite\",\"@id\":\"https:\/\/www.euroakademie.de\/magazin\/#website\",\"url\":\"https:\/\/www.euroakademie.de\/magazin\/\",\"name\":\"Das Euro Akademie Magazin\",\"description\":\"Gut informiert durch Ausbildung und Studium\",\"publisher\":{\"@id\":\"https:\/\/www.euroakademie.de\/magazin\/#organization\"},\"potentialAction\":[{\"@type\":\"SearchAction\",\"target\":{\"@type\":\"EntryPoint\",\"urlTemplate\":\"https:\/\/www.euroakademie.de\/magazin\/?s={search_term_string}\"},\"query-input\":{\"@type\":\"PropertyValueSpecification\",\"valueRequired\":true,\"valueName\":\"search_term_string\"}}],\"inLanguage\":\"de\"},{\"@type\":\"Organization\",\"@id\":\"https:\/\/www.euroakademie.de\/magazin\/#organization\",\"name\":\"ESO Education Group\",\"url\":\"https:\/\/www.euroakademie.de\/magazin\/\",\"logo\":{\"@type\":\"ImageObject\",\"inLanguage\":\"de\",\"@id\":\"https:\/\/www.euroakademie.de\/magazin\/#\/schema\/logo\/image\/\",\"url\":\"https:\/\/relaunch.euroakademie.de\/magazin\/wp-content\/uploads\/2024\/11\/Logo_EA_negativ_Rahmen_5cm_300dpi_RGB.jpg\",\"contentUrl\":\"https:\/\/relaunch.euroakademie.de\/magazin\/wp-content\/uploads\/2024\/11\/Logo_EA_negativ_Rahmen_5cm_300dpi_RGB.jpg\",\"width\":591,\"height\":236,\"caption\":\"ESO Education Group\"},\"image\":{\"@id\":\"https:\/\/www.euroakademie.de\/magazin\/#\/schema\/logo\/image\/\"}}]}<\/script>\n<!-- \/ Yoast SEO plugin. -->","yoast_head_json":{"title":"Euro Akademie Tauberbischofsheim - Das Euro Akademie Magazin","description":"Die Euro Akademie Tauberbischofsheim hat sich auf die Ausbildung von P\u00e4dagoginnen und P\u00e4dagogen spezialisiert, die wir morgen brauchen.","robots":{"index":"index","follow":"follow","max-snippet":"max-snippet:-1","max-image-preview":"max-image-preview:large","max-video-preview":"max-video-preview:-1"},"canonical":"https:\/\/www.euroakademie.de\/magazin\/standorte\/euro-akademie-baden-wuerttemberg\/euro-akademie-tauberbischofsheim\/","og_locale":"de_DE","og_type":"article","og_title":"Euro Akademie Tauberbischofsheim - Das Euro Akademie Magazin","og_description":"Die Euro Akademie Tauberbischofsheim hat sich auf die Ausbildung von P\u00e4dagoginnen und P\u00e4dagogen spezialisiert, die wir morgen brauchen.","og_url":"https:\/\/www.euroakademie.de\/magazin\/standorte\/euro-akademie-baden-wuerttemberg\/euro-akademie-tauberbischofsheim\/","og_site_name":"Das Euro Akademie Magazin","article_modified_time":"2024-11-18T15:23:50+00:00","og_image":[{"url":"https:\/\/relaunch.euroakademie.de\/magazin\/wp-content\/uploads\/2024\/01\/shutterstock_2116335551-1-768x462.jpg"}],"twitter_card":"summary_large_image","twitter_misc":{"Gesch\u00e4tzte Lesezeit":"1\u00a0Minute"},"schema":{"@context":"https:\/\/schema.org","@graph":[{"@type":"WebPage","@id":"https:\/\/www.euroakademie.de\/magazin\/standorte\/euro-akademie-baden-wuerttemberg\/euro-akademie-tauberbischofsheim\/","url":"https:\/\/www.euroakademie.de\/magazin\/standorte\/euro-akademie-baden-wuerttemberg\/euro-akademie-tauberbischofsheim\/","name":"Euro Akademie Tauberbischofsheim - Das Euro Akademie Magazin","isPartOf":{"@id":"https:\/\/www.euroakademie.de\/magazin\/#website"},"primaryImageOfPage":{"@id":"https:\/\/www.euroakademie.de\/magazin\/standorte\/euro-akademie-baden-wuerttemberg\/euro-akademie-tauberbischofsheim\/#primaryimage"},"image":{"@id":"https:\/\/www.euroakademie.de\/magazin\/standorte\/euro-akademie-baden-wuerttemberg\/euro-akademie-tauberbischofsheim\/#primaryimage"},"thumbnailUrl":"https:\/\/relaunch.euroakademie.de\/magazin\/wp-content\/uploads\/2024\/01\/shutterstock_2116335551-1-768x462.jpg","datePublished":"2024-11-18T10:28:11+00:00","dateModified":"2024-11-18T15:23:50+00:00","description":"Die Euro Akademie Tauberbischofsheim hat sich auf die Ausbildung von P\u00e4dagoginnen und P\u00e4dagogen spezialisiert, die wir morgen brauchen.","breadcrumb":{"@id":"https:\/\/www.euroakademie.de\/magazin\/standorte\/euro-akademie-baden-wuerttemberg\/euro-akademie-tauberbischofsheim\/#breadcrumb"},"inLanguage":"de","potentialAction":[{"@type":"ReadAction","target":["https:\/\/www.euroakademie.de\/magazin\/standorte\/euro-akademie-baden-wuerttemberg\/euro-akademie-tauberbischofsheim\/"]}]},{"@type":"ImageObject","inLanguage":"de","@id":"https:\/\/www.euroakademie.de\/magazin\/standorte\/euro-akademie-baden-wuerttemberg\/euro-akademie-tauberbischofsheim\/#primaryimage","url":"https:\/\/relaunch.euroakademie.de\/magazin\/wp-content\/uploads\/2024\/01\/shutterstock_2116335551-1-768x462.jpg","contentUrl":"https:\/\/relaunch.euroakademie.de\/magazin\/wp-content\/uploads\/2024\/01\/shutterstock_2116335551-1-768x462.jpg"},{"@type":"BreadcrumbList","@id":"https:\/\/www.euroakademie.de\/magazin\/standorte\/euro-akademie-baden-wuerttemberg\/euro-akademie-tauberbischofsheim\/#breadcrumb","itemListElement":[{"@type":"ListItem","position":1,"name":"Startseite","item":"https:\/\/www.euroakademie.de\/magazin\/"},{"@type":"ListItem","position":2,"name":"Standortnews","item":"https:\/\/www.euroakademie.de\/magazin\/standorte\/"},{"@type":"ListItem","position":3,"name":"News aus Baden-W\u00fcrttemberg","item":"https:\/\/www.euroakademie.de\/magazin\/standorte\/euro-akademie-baden-wuerttemberg\/"},{"@type":"ListItem","position":4,"name":"Euro Akademie Tauberbischofsheim"}]},{"@type":"WebSite","@id":"https:\/\/www.euroakademie.de\/magazin\/#website","url":"https:\/\/www.euroakademie.de\/magazin\/","name":"Das Euro Akademie Magazin","description":"Gut informiert durch Ausbildung und Studium","publisher":{"@id":"https:\/\/www.euroakademie.de\/magazin\/#organization"},"potentialAction":[{"@type":"SearchAction","target":{"@type":"EntryPoint","urlTemplate":"https:\/\/www.euroakademie.de\/magazin\/?s={search_term_string}"},"query-input":{"@type":"PropertyValueSpecification","valueRequired":true,"valueName":"search_term_string"}}],"inLanguage":"de"},{"@type":"Organization","@id":"https:\/\/www.euroakademie.de\/magazin\/#organization","name":"ESO Education Group","url":"https:\/\/www.euroakademie.de\/magazin\/","logo":{"@type":"ImageObject","inLanguage":"de","@id":"https:\/\/www.euroakademie.de\/magazin\/#\/schema\/logo\/image\/","url":"https:\/\/relaunch.euroakademie.de\/magazin\/wp-content\/uploads\/2024\/11\/Logo_EA_negativ_Rahmen_5cm_300dpi_RGB.jpg","contentUrl":"https:\/\/relaunch.euroakademie.de\/magazin\/wp-content\/uploads\/2024\/11\/Logo_EA_negativ_Rahmen_5cm_300dpi_RGB.jpg","width":591,"height":236,"caption":"ESO Education Group"},"image":{"@id":"https:\/\/www.euroakademie.de\/magazin\/#\/schema\/logo\/image\/"}}]}},"_links":{"self":[{"href":"https:\/\/www.euroakademie.de\/magazin\/wp-json\/wp\/v2\/pages\/22611","targetHints":{"allow":["GET"]}}],"collection":[{"href":"https:\/\/www.euroakademie.de\/magazin\/wp-json\/wp\/v2\/pages"}],"about":[{"href":"https:\/\/www.euroakademie.de\/magazin\/wp-json\/wp\/v2\/types\/page"}],"author":[{"embeddable":true,"href":"https:\/\/www.euroakademie.de\/magazin\/wp-json\/wp\/v2\/users\/79"}],"replies":[{"embeddable":true,"href":"https:\/\/www.euroakademie.de\/magazin\/wp-json\/wp\/v2\/comments?post=22611"}],"version-history":[{"count":22,"href":"https:\/\/www.euroakademie.de\/magazin\/wp-json\/wp\/v2\/pages\/22611\/revisions"}],"predecessor-version":[{"id":22704,"href":"https:\/\/www.euroakademie.de\/magazin\/wp-json\/wp\/v2\/pages\/22611\/revisions\/22704"}],"up":[{"embeddable":true,"href":"https:\/\/www.euroakademie.de\/magazin\/wp-json\/wp\/v2\/pages\/22560"}],"wp:attachment":[{"href":"https:\/\/www.euroakademie.de\/magazin\/wp-json\/wp\/v2\/media?parent=22611"}],"curies":[{"name":"wp","href":"https:\/\/api.w.org\/{rel}","templated":true}]}}